{"id":4,"date":"2014-04-16T16:17:43","date_gmt":"2014-04-16T14:17:43","guid":{"rendered":"http:\/\/stadler-obertraun.at\/?page_id=4"},"modified":"2022-09-26T20:37:43","modified_gmt":"2022-09-26T18:37:43","slug":"herzlich-willkommen-im-haus-stadler-in-obertraun","status":"publish","type":"page","link":"https:\/\/stadler-obertraun.at\/","title":{"rendered":"Herzlich Willkommen im Haus Stadler in Obertraun"},"content":{"rendered":"<div id=\"attachment_6\" style=\"width: 310px\" class=\"wp-caption alignnone\"><a href=\"http:\/\/stadler-obertraun.at\/wp-content\/uploads\/2014\/04\/20130815_090833.jpg\"><img loading=\"lazy\" decoding=\"async\" aria-describedby=\"caption-attachment-6\" class=\"size-medium wp-image-6\" src=\"http:\/\/stadler-obertraun.at\/wp-content\/uploads\/2014\/04\/20130815_090833-300x225.jpg\" alt=\"Haus Stadler\" width=\"300\" height=\"225\" srcset=\"https:\/\/stadler-obertraun.at\/wp-content\/uploads\/2014\/04\/20130815_090833-300x225.jpg 300w, https:\/\/stadler-obertraun.at\/wp-content\/uploads\/2014\/04\/20130815_090833-1024x768.jpg 1024w\" sizes=\"(max-width: 300px) 100vw, 300px\" \/><\/a><p id=\"caption-attachment-6\" class=\"wp-caption-text\">Haus Stadler<\/p><\/div>\n<div id=\"attachment_9\" style=\"width: 310px\" class=\"wp-caption alignleft\"><a href=\"http:\/\/stadler-obertraun.at\/wp-content\/uploads\/2014\/04\/Bild-vom-Haus-Spanischer-Fotograf-1.jpg\"><img loading=\"lazy\" decoding=\"async\" aria-describedby=\"caption-attachment-9\" class=\"size-medium wp-image-9\" src=\"http:\/\/stadler-obertraun.at\/wp-content\/uploads\/2014\/04\/Bild-vom-Haus-Spanischer-Fotograf-1-300x206.jpg\" alt=\"Aussicht von der Terrasse\" width=\"300\" height=\"206\" srcset=\"https:\/\/stadler-obertraun.at\/wp-content\/uploads\/2014\/04\/Bild-vom-Haus-Spanischer-Fotograf-1-300x206.jpg 300w, https:\/\/stadler-obertraun.at\/wp-content\/uploads\/2014\/04\/Bild-vom-Haus-Spanischer-Fotograf-1.jpg 800w\" sizes=\"(max-width: 300px) 100vw, 300px\" \/><\/a><p id=\"caption-attachment-9\" class=\"wp-caption-text\">Aussicht von der Terrasse<\/p><\/div>\n<p><strong>Herzlich Willkommen auf der Homepage vom Haus Stadler!<\/strong><\/p>\n<p>Willkommen in unseren Ferienwohnungen &#8211; wo G\u00e4ste die Gem\u00fctlichkeit und Ruhe suchen &#8211; genau richtig sind. Unser Haus ist in sehr ruhiger Hanglage, sonnig, zentral, am Waldrand gelegen, abseits der Hauptverkehrsstra\u00dfe und mit<strong> Blick zum See.<\/strong><\/p>\n<p>Wir bieten Ihnen eine komplett eingerichtete Ferienwohnung f\u00fcr 2-4 Personen mit 2 Schlafzimmern im 2. Stock und eine Ferienwohnung f\u00fcr 1-2 Personen<\/p>\n<p>Jede Wohnung hat einen eigenen Balkon mit sehr sch\u00f6nem Blick zum Hallst\u00e4ttersee.<br \/>\n5 Gehminuten zum See. In unserem Haus gibt es gratis <strong><strong>WLAN Internet.<\/strong><br \/>\nGerne stehen wir Ihnen f\u00fcr weitere Ausk\u00fcnfte und Fragen zu einem Aufenthalt bei uns zur Verf\u00fcgung, einfach anrufen oder per Mail<\/strong><\/p>\n<p>Ausstattung<br \/>\nUnterkunftstyp:<br \/>\nPrivate Ferienwohnung\/haus<\/p>\n<p>Zimmerarten:<strong> 2 Ferienwohnungen<\/strong><br \/>\nZahlungsm\u00f6glichkeiten:<strong> Barzahlung<\/strong><br \/>\nParkpl\u00e4tze vorhanden<br \/>\n<em><strong>keine Haustiere erlaubt<\/strong><\/em><\/p>\n<p><strong>WLAN<\/strong> vorhanden<\/p>\n<p>Einrichtungen: Garten\/Wiese Parkpl\u00e4tze<\/p>\n<p>\u201eWir hei\u00dfen Sie herzlich Willkommen!\u201c<\/p>\n<p>Elisabeth Stadler<br \/>\nObertraun 76<br \/>\n4831 Obertraun, \u00d6sterreich<\/p>\n<p>Mobil _Tel. 0043 6643734586<br \/>\n<strong>h.stadler76@aon.at<\/strong><\/p>\n","protected":false},"excerpt":{"rendered":"<p>Herzlich Willkommen auf der Homepage vom Haus Stadler! Willkommen in unseren Ferienwohnungen &#8211; wo G\u00e4ste die Gem\u00fctlichkeit und Ruhe suchen &#8211; genau richtig sind. Unser Haus ist in sehr ruhiger Hanglage, sonnig, zentral, am Waldrand gelegen, abseits der Hauptverkehrsstra\u00dfe und mit Blick zum See. Wir bieten Ihnen eine komplett eingerichtete Ferienwohnung f\u00fcr 2-4 Personen mit [&hellip;]<\/p>\n","protected":false},"author":1,"featured_media":0,"parent":0,"menu_order":1,"comment_status":"closed","ping_status":"open","template":"page-templates\/front-page.php","meta":{"footnotes":""},"_links":{"self":[{"href":"https:\/\/stadler-obertraun.at\/index.php?rest_route=\/wp\/v2\/pages\/4"}],"collection":[{"href":"https:\/\/stadler-obertraun.at\/index.php?rest_route=\/wp\/v2\/pages"}],"about":[{"href":"https:\/\/stadler-obertraun.at\/index.php?rest_route=\/wp\/v2\/types\/page"}],"author":[{"embeddable":true,"href":"https:\/\/stadler-obertraun.at\/index.php?rest_route=\/wp\/v2\/users\/1"}],"replies":[{"embeddable":true,"href":"https:\/\/stadler-obertraun.at\/index.php?rest_route=%2Fwp%2Fv2%2Fcomments&post=4"}],"version-history":[{"count":22,"href":"https:\/\/stadler-obertraun.at\/index.php?rest_route=\/wp\/v2\/pages\/4\/revisions"}],"predecessor-version":[{"id":341,"href":"https:\/\/stadler-obertraun.at\/index.php?rest_route=\/wp\/v2\/pages\/4\/revisions\/341"}],"wp:attachment":[{"href":"https:\/\/stadler-obertraun.at\/index.php?rest_route=%2Fwp%2Fv2%2Fmedia&parent=4"}],"curies":[{"name":"wp","href":"https:\/\/api.w.org\/{rel}","templated":true}]}}